{"id":676,"date":"2021-04-21T20:45:51","date_gmt":"2021-04-21T18:45:51","guid":{"rendered":"https:\/\/erlebnisreich.org\/?page_id=676"},"modified":"2023-10-02T11:19:11","modified_gmt":"2023-10-02T09:19:11","slug":"teilnahmebedingungen","status":"publish","type":"page","link":"https:\/\/erlebnisreich.org\/?page_id=676","title":{"rendered":"Teilnahmebedingungen"},"content":{"rendered":"\n<h3 class=\"wp-block-heading\">\u00a7 1 \u2013 Zustandekommen des Vertrages<\/h3>\n\n\n\n<p>Nach Deiner Anmeldung erh\u00e4ltst Du eine Anmeldebest\u00e4tigung von uns. Damit kommt der Vertrag zwischen uns (der anmeldenden Person und dem Veranstalter*) zustande. Schicken wir Dir innerhalb von 14 Tagen keine Anmeldebest\u00e4tigung, bist Du nicht mehr an Deine Anmeldung gebunden.<\/p>\n\n\n\n<h3 class=\"wp-block-heading\">\u00a7 2 \u2013 Sicherheit<\/h3>\n\n\n\n<p>Wir setzen bei unseren Veranstaltungen auf die Eigenverantwortung aller Teilnehmenden. Deine Freiheit endet also immer und sp\u00e4testens dort, wo die Freiheit anderer eingeschr\u00e4nkt wird bzw. Personen oder Dinge zu Schaden kommen k\u00f6nnen.&nbsp;<\/p>\n\n\n\n<p>Es gibt Substanzen, wie z.B. Alkohol oder Medikamente, die dazu f\u00fchren, dass Menschen motorische, sensorische oder auch kognitive Einschr\u00e4nkungen erfahren.&nbsp;<\/p>\n\n\n\n<p>Hier gilt: Wer kein Fahrzeug im \u00f6ffentlichen Stra\u00dfenverkehr mehr f\u00fchren darf, muss auf komplexere und insbesondere potentiell gef\u00e4hrliche Aktivit\u00e4ten verzichten. Hierzu geh\u00f6ren z.B. K\u00fcchenarbeiten mit Messern, Ger\u00e4ten oder (offenen) Feuerstellen.&nbsp;<\/p>\n\n\n\n<p>Es gilt: Kommen der Veranstalter, seine Helfer*innen oder die Workshopleitung zu der Einsch\u00e4tzung, Dich von bestimmten T\u00e4tigkeiten oder Bereichen auszuschlie\u00dfen, ist dies f\u00fcr Dich verbindlich.&nbsp;<\/p>\n\n\n\n<p>Wer den Anweisungen des Veranstalters oder seiner Helfer*innen nicht Folge leistet, kann von der Veranstaltung verwiesen werden, ohne dass sich daraus ein Anrecht auf eine R\u00fcckerstattung des Teilnahmebeitrags ergibt.<\/p>\n\n\n\n<h3 class=\"wp-block-heading\">\u00a7 3 \u2013 R\u00fccktritt von der Veranstaltung<\/h3>\n\n\n\n<p>Die Teilnehmerzahl ist begrenzt. Teilnehmerpl\u00e4tze sind nicht \u00fcbertragbar.<\/p>\n\n\n\n<p>Trittst Du nach Vertragsschluss (d.h., nachdem Du nach Deiner Anmeldung eine Anmeldebest\u00e4tigung erhalten hast, vgl. \u00a7 1) von der Teilnahme zur\u00fcck, versuchen wir eine Ersatzperson f\u00fcr Deinen Platz zu finden, bzw. kannst Du uns eine Ersatzperson benennen. Wenn wir deren Anmeldung best\u00e4tigen, bekommst Du Deinen Teilnahmebeitrag zur\u00fcck.<\/p>\n\n\n\n<h3 class=\"wp-block-heading\">\u00a7 4 \u2013 Teilnehmerbeitrag, Zahlungsverzug<\/h3>\n\n\n\n<p>Die Zahlung des Teilnahmebeitrages erfolgt grunds\u00e4tzlich im Voraus.&nbsp;<\/p>\n\n\n\n<p>Ist der Teilnahmebeitrag noch nicht in voller H\u00f6he entrichtet, ist der Veranstalter berechtigt, dem Teilnehmer eine Frist zur Zahlung zu setzen verbunden mit der Erkl\u00e4rung, da\u00df er nach Ablauf der Frist den Platz einem Dritten \u00fcberl\u00e4\u00dft. Die gesetzte Zahlungsfrist muss mindestens 8 Tage betragen.<\/p>\n\n\n\n<p>Sollte ohne schuldhaftes Zutun des Veranstalters beim Einzug des Teilnahmebeitrages im Lastschriftverfahren oder im Scheckverfahren eine R\u00fccklastschrift erfolgen, so hat der Teilnehmer die anfallenden Bankgeb\u00fchren zu tragen.<\/p>\n\n\n\n<p>Bei Anmeldungen im Namen und Rechnung eines Dritten haftet der Anmeldende f\u00fcr dessen Verbindlichkeiten aus dieser Verpflichtung als Gesamtschuldner.<\/p>\n\n\n\n<h3 class=\"wp-block-heading\">\u00a7 5 \u2013 Haftung<\/h3>\n\n\n\n<p>Mit Ausnahme der Verletzung von K\u00f6rper, Leben oder Gesundheit wird die Haftung des Veranstalters wie folgt beschr\u00e4nkt: Der Veranstalter haftet nur f\u00fcr Sch\u00e4den, die auf einer vors\u00e4tzlichen oder grob fahrl\u00e4ssigen Pflichtverletzung des Veranstalters, eines gesetzlichen Vertreters oder Erf\u00fcllungsgehilf*innen des Veranstalters beruhen.<\/p>\n\n\n\n<p>Schadensersatzanspr\u00fcche aus Unm\u00f6glichkeit der Leistung, Pflichtverletzung und Verzug sind bei leichter Fahrl\u00e4ssigkeit auf den Ersatz des vorhersehbaren Schadens beschr\u00e4nkt.<\/p>\n\n\n\n<h3 class=\"wp-block-heading\">\u00a7 6 \u2013 Einwilligung zu Bild-, Video- und Tonaufnahmen<\/h3>\n\n\n\n<p>Der Veranstalter weist darauf hin, dass bei der Veranstaltung Bild- und Videoaufnahmen gefertigt werden.&nbsp;<\/p>\n\n\n\n<p>Rechtsgrundlage f\u00fcr die Datenverarbeitung ist Art. 6 Abs. 1 Satz 1 lit. f DS-GVO. Die Fotos werden zum Zweck der Dokumentation der Veranstaltung und im Rahmen der \u00d6ffentlichkeitsarbeit des Veranstalters gespeichert, verarbeitet und ver\u00f6ffentlicht. Diese Zwecke stellen ein berechtigtes Interesses f\u00fcr den Veranstalter i.S.v. Art. 6 Abs. 1 Satz 1 lit. f DS-GVO dar. Wenn Teilnehmende nicht fotografiert oder aufgenommen werden m\u00f6chten oder sollen, ist dies bitte unmittelbar beim Fotografen\/Ersteller*in des Videos anzusprechen, damit der Wunsch ber\u00fccksichtigt werden kann.<\/p>\n\n\n\n<h4 class=\"wp-block-heading\">Speicherdauer<\/h4>\n\n\n\n<p>Die im Anschluss an die Veranstaltung nicht verwendeten Fotos werden unverz\u00fcglich gel\u00f6scht.<\/p>\n\n\n\n<h4 class=\"wp-block-heading\">Datenschutzrechte gem\u00e4\u00df der Datenschutz-Grundverordnung<\/h4>\n\n\n\n<p>Teilnehmende haben das Recht jederzeit Auskunft zu verlangen, welche personenbezogenen Daten beim Veranstalter \u00fcber sie selbst verarbeitet werden. Teilnehmende k\u00f6nnen deren Berichtigung und L\u00f6schung verlangen und k\u00f6nnen weiterhin unter bestimmten Voraussetzungen verlangen, dass die Verarbeitung ihrer personenbezogenen Daten eingeschr\u00e4nkt wird (z.B. dann, wenn die Teilnehmenden die Richtigkeit ihrer Daten bestreiten und eine diesbez\u00fcgliche Kl\u00e4rung nicht m\u00f6glich ist). Teilnehmende k\u00f6nnen der Datenverarbeitung ihrer personenbezogenen Daten beim Veranstalter widersprechen, wenn hierf\u00fcr Gr\u00fcnde aus ihrer besonderen Situation vorliegen. Ebenso haben Teilnehmende ein Recht auf Herausgabe der von ihnen bereitgestellten Daten in einem strukturierten, g\u00e4ngigen und maschinenlesbaren Format.<\/p>\n\n\n\n<h4 class=\"wp-block-heading\">Zust\u00e4ndige Datenschutz-Aufsichtsbeh\u00f6rde<\/h4>\n\n\n\n<p>Teilnehmende haben das Recht, sich bei der Aufsichtsbeh\u00f6rde zu beschweren, wenn sie der Ansicht sind, dass die Verarbeitung der sie betreffenden Fotos gegen die DS-GVO verst\u00f6\u00dft. Zust\u00e4ndige Aufsichtsbeh\u00f6rde ist:&nbsp;<\/p>\n\n\n\n<p><em>Der Landesbeauftragte f\u00fcr den Datenschutz und die Informationsfreiheit&nbsp;<\/em><br><em>Anschrift: Hintere Bleiche 34, 55116 Mainz, Tel: 06131\/208-2449; poststelle@datenschutz.rlp.de<\/em><br><\/p>\n\n\n\n<h3 class=\"wp-block-heading\">\u00a7 7 \u2013 Urheberrecht an Aufzeichnungen<\/h3>\n\n\n\n<p>Alle Rechte an seitens des Veranstalters gemachten Ton-, Film- und Videoaufnahmen bleiben dem Veranstalter vorbehalten.<\/p>\n\n\n\n<p>Der Veranstalter ist berechtigt, die ganze Veranstaltung oder Teile davon aufzuzeichnen und diese Aufzeichnungen zu Zwecken der Eigenwerbung zu verwerten.<\/p>\n\n\n\n<p>Aufnahmen von Seiten der Teilnehmer sind f\u00fcr private Zwecke zul\u00e4ssig.<\/p>\n\n\n\n<p>Jede \u00f6ffentliche Auff\u00fchrung, \u00dcbertragung oder Wiedergabe von Aufnahmen, auch nach Bearbeitung, ist nur mit Einverst\u00e4ndnis des Veranstalters zul\u00e4ssig.<\/p>\n\n\n\n<h3 class=\"wp-block-heading\">\u00a7 8 \u2013 Rabatte<\/h3>\n\n\n\n<p>Werden Teilnehmern f\u00fcr die Wahrnehmung bestimmter Funktionen Rabatte vom \u00fcblichen Teilnehmerbeitrag einger\u00e4umt, so gilt die Differenz als gestundet, bis die vereinbarte Leistung im vereinbarten Umfang erbracht wurde.&nbsp;<\/p>\n\n\n\n<p>K\u00f6nnen die Teilnehmer nach Absatz 1 die vereinbarte Leistung aus einem Grund nicht erbringen, f\u00fcr den der Veranstalter die Verantwortung tr\u00e4gt, so bleibt der Rabatt gleichwohl bestehen.<\/p>\n\n\n\n<h3 class=\"wp-block-heading\">\u00a7 9 \u2013 Hinweis nach Bundesdatenschutzgesetz<\/h3>\n\n\n\n<p>Der Teilnehmer erkl\u00e4rt sich einverstanden, da\u00df seine Daten von Beginn der Anmeldung an in einer automatisierten Kundendatei gef\u00fchrt werden.<\/p>\n\n\n\n<p>Die gespeicherten Daten zur Person des Teilnehmers k\u00f6nnen Name, Anschrift, Geburtsdatum, Telefonnummer sowie die Emailadresse umfassen. Diese Stammdaten werden (nach Einwilligung der teilnehmenden Person) auf unbegrenzte Zeit gespeichert. Dar\u00fcber hinaus werden vor\u00fcbergehend Daten zur jeweiligen Veranstaltung gespeichert.<\/p>\n\n\n\n<p>Freiwillig angegebene Daten zum Gesundheitszustand des Teilnehmers werden vertraulich behandelt und nicht dauerhaft elektronisch gespeichert oder weitergegeben.<\/p>\n\n\n\n<p>Wir weisen darauf hin, dass wir im Rahmen der zum Zeitpunkt der Veranstaltung g\u00fcltigen Corona-Bek\u00e4mpfungsverordnung des Landes Rheinland-Pfalz, eventuell weitere personenbezogene Daten erheben, speichern und an berechtigte \u00c4mter und Stellen weiterleiten m\u00fcssen.<\/p>\n\n\n\n<h3 class=\"wp-block-heading\">\u00a7 10 \u2013 Sonstiges<\/h3>\n\n\n\n<p>Die Wirksamkeit dieser Teilnahmebedingungen bleibt von der Unwirksamkeit einzelner Punkte dieser Teilnahmebedingungen unber\u00fchrt.<\/p>\n\n\n\n<p><\/p>\n\n\n\n<p>*Veranstalter ist:&nbsp;<\/p>\n\n\n\n<p>ErlebnisReich e.V.<br>c\/o Larson Kasper<br>Borngasse 3<br>67822 Oberhausen an der Appel.<\/p>\n\n\n\n<p>vorstand@erlebnisreich.org<\/p>\n","protected":false},"excerpt":{"rendered":"<p>\u00a7 1 \u2013 Zustandekommen des Vertrages Nach Deiner Anmeldung erh\u00e4ltst Du eine Anmeldebest\u00e4tigung von uns. Damit kommt der Vertrag zwischen uns (der [&hellip;]<\/p>\n","protected":false},"author":1,"featured_media":0,"parent":0,"menu_order":0,"comment_status":"closed","ping_status":"closed","template":"page-templates\/page_fullwidth.php","meta":{"footnotes":""},"class_list":["post-676","page","type-page","status-publish","hentry"],"yoast_head":"<!-- This site is optimized with the Yoast SEO plugin v27.5 - https:\/\/yoast.com\/product\/yoast-seo-wordpress\/ -->\n<title>Teilnahmebedingungen - ErlebnisReich e.V.<\/title>\n<meta name=\"description\" content=\"Die Teilnahmebedingungen f\u00fcr unsere Veranstaltungen.\" \/>\n<meta name=\"robots\" content=\"index, follow, max-snippet:-1, max-image-preview:large, max-video-preview:-1\" \/>\n<link rel=\"canonical\" href=\"https:\/\/erlebnisreich.org\/?page_id=676\" \/>\n<meta property=\"og:locale\" content=\"de_DE\" \/>\n<meta property=\"og:type\" content=\"article\" \/>\n<meta property=\"og:title\" content=\"Teilnahmebedingungen - ErlebnisReich e.V.\" \/>\n<meta property=\"og:description\" content=\"Die Teilnahmebedingungen f\u00fcr unsere Veranstaltungen.\" \/>\n<meta property=\"og:url\" content=\"https:\/\/erlebnisreich.org\/?page_id=676\" \/>\n<meta property=\"og:site_name\" content=\"ErlebnisReich e.V.\" \/>\n<meta property=\"article:modified_time\" content=\"2023-10-02T09:19:11+00:00\" \/>\n<meta name=\"twitter:card\" content=\"summary_large_image\" \/>\n<meta name=\"twitter:label1\" content=\"Gesch\u00e4tzte Lesezeit\" \/>\n\t<meta name=\"twitter:data1\" content=\"6\u00a0Minuten\" \/>\n<script type=\"application\/ld+json\" class=\"yoast-schema-graph\">{\"@context\":\"https:\\\/\\\/schema.org\",\"@graph\":[{\"@type\":\"WebPage\",\"@id\":\"https:\\\/\\\/erlebnisreich.org\\\/?page_id=676\",\"url\":\"https:\\\/\\\/erlebnisreich.org\\\/?page_id=676\",\"name\":\"Teilnahmebedingungen - ErlebnisReich e.V.\",\"isPartOf\":{\"@id\":\"https:\\\/\\\/erlebnisreich.org\\\/#website\"},\"datePublished\":\"2021-04-21T18:45:51+00:00\",\"dateModified\":\"2023-10-02T09:19:11+00:00\",\"description\":\"Die Teilnahmebedingungen f\u00fcr unsere Veranstaltungen.\",\"breadcrumb\":{\"@id\":\"https:\\\/\\\/erlebnisreich.org\\\/?page_id=676#breadcrumb\"},\"inLanguage\":\"de\",\"potentialAction\":[{\"@type\":\"ReadAction\",\"target\":[\"https:\\\/\\\/erlebnisreich.org\\\/?page_id=676\"]}]},{\"@type\":\"BreadcrumbList\",\"@id\":\"https:\\\/\\\/erlebnisreich.org\\\/?page_id=676#breadcrumb\",\"itemListElement\":[{\"@type\":\"ListItem\",\"position\":1,\"name\":\"Startseite\",\"item\":\"https:\\\/\\\/erlebnisreich.org\\\/\"},{\"@type\":\"ListItem\",\"position\":2,\"name\":\"Teilnahmebedingungen\"}]},{\"@type\":\"WebSite\",\"@id\":\"https:\\\/\\\/erlebnisreich.org\\\/#website\",\"url\":\"https:\\\/\\\/erlebnisreich.org\\\/\",\"name\":\"ErlebnisReich e.V.\",\"description\":\"Verein f\u00fcr Liverollenspiel\",\"potentialAction\":[{\"@type\":\"SearchAction\",\"target\":{\"@type\":\"EntryPoint\",\"urlTemplate\":\"https:\\\/\\\/erlebnisreich.org\\\/?s={search_term_string}\"},\"query-input\":{\"@type\":\"PropertyValueSpecification\",\"valueRequired\":true,\"valueName\":\"search_term_string\"}}],\"inLanguage\":\"de\"}]}<\/script>\n<!-- \/ Yoast SEO plugin. -->","yoast_head_json":{"title":"Teilnahmebedingungen - ErlebnisReich e.V.","description":"Die Teilnahmebedingungen f\u00fcr unsere Veranstaltungen.","robots":{"index":"index","follow":"follow","max-snippet":"max-snippet:-1","max-image-preview":"max-image-preview:large","max-video-preview":"max-video-preview:-1"},"canonical":"https:\/\/erlebnisreich.org\/?page_id=676","og_locale":"de_DE","og_type":"article","og_title":"Teilnahmebedingungen - ErlebnisReich e.V.","og_description":"Die Teilnahmebedingungen f\u00fcr unsere Veranstaltungen.","og_url":"https:\/\/erlebnisreich.org\/?page_id=676","og_site_name":"ErlebnisReich e.V.","article_modified_time":"2023-10-02T09:19:11+00:00","twitter_card":"summary_large_image","twitter_misc":{"Gesch\u00e4tzte Lesezeit":"6\u00a0Minuten"},"schema":{"@context":"https:\/\/schema.org","@graph":[{"@type":"WebPage","@id":"https:\/\/erlebnisreich.org\/?page_id=676","url":"https:\/\/erlebnisreich.org\/?page_id=676","name":"Teilnahmebedingungen - ErlebnisReich e.V.","isPartOf":{"@id":"https:\/\/erlebnisreich.org\/#website"},"datePublished":"2021-04-21T18:45:51+00:00","dateModified":"2023-10-02T09:19:11+00:00","description":"Die Teilnahmebedingungen f\u00fcr unsere Veranstaltungen.","breadcrumb":{"@id":"https:\/\/erlebnisreich.org\/?page_id=676#breadcrumb"},"inLanguage":"de","potentialAction":[{"@type":"ReadAction","target":["https:\/\/erlebnisreich.org\/?page_id=676"]}]},{"@type":"BreadcrumbList","@id":"https:\/\/erlebnisreich.org\/?page_id=676#breadcrumb","itemListElement":[{"@type":"ListItem","position":1,"name":"Startseite","item":"https:\/\/erlebnisreich.org\/"},{"@type":"ListItem","position":2,"name":"Teilnahmebedingungen"}]},{"@type":"WebSite","@id":"https:\/\/erlebnisreich.org\/#website","url":"https:\/\/erlebnisreich.org\/","name":"ErlebnisReich e.V.","description":"Verein f\u00fcr Liverollenspiel","potentialAction":[{"@type":"SearchAction","target":{"@type":"EntryPoint","urlTemplate":"https:\/\/erlebnisreich.org\/?s={search_term_string}"},"query-input":{"@type":"PropertyValueSpecification","valueRequired":true,"valueName":"search_term_string"}}],"inLanguage":"de"}]}},"_links":{"self":[{"href":"https:\/\/erlebnisreich.org\/index.php?rest_route=\/wp\/v2\/pages\/676","targetHints":{"allow":["GET"]}}],"collection":[{"href":"https:\/\/erlebnisreich.org\/index.php?rest_route=\/wp\/v2\/pages"}],"about":[{"href":"https:\/\/erlebnisreich.org\/index.php?rest_route=\/wp\/v2\/types\/page"}],"author":[{"embeddable":true,"href":"https:\/\/erlebnisreich.org\/index.php?rest_route=\/wp\/v2\/users\/1"}],"replies":[{"embeddable":true,"href":"https:\/\/erlebnisreich.org\/index.php?rest_route=%2Fwp%2Fv2%2Fcomments&post=676"}],"version-history":[{"count":6,"href":"https:\/\/erlebnisreich.org\/index.php?rest_route=\/wp\/v2\/pages\/676\/revisions"}],"predecessor-version":[{"id":922,"href":"https:\/\/erlebnisreich.org\/index.php?rest_route=\/wp\/v2\/pages\/676\/revisions\/922"}],"wp:attachment":[{"href":"https:\/\/erlebnisreich.org\/index.php?rest_route=%2Fwp%2Fv2%2Fmedia&parent=676"}],"curies":[{"name":"wp","href":"https:\/\/api.w.org\/{rel}","templated":true}]}}