{"id":703,"date":"2021-04-21T23:49:37","date_gmt":"2021-04-21T21:49:37","guid":{"rendered":"https:\/\/erlebnisreich.org\/?page_id=703"},"modified":"2021-04-22T01:55:18","modified_gmt":"2021-04-21T23:55:18","slug":"praktische-informationen","status":"publish","type":"page","link":"https:\/\/erlebnisreich.org\/?page_id=703","title":{"rendered":"Praktische Informationen"},"content":{"rendered":"\n<p><a href=\"https:\/\/docs.google.com\/document\/d\/1rQuhf783g-Cg8aEutx1Xb4xPdj98V0PTLyO42GIM4uA\/edit?usp=sharing\" target=\"_blank\" rel=\"noreferrer noopener\">Hier<\/a> findest Du unser vollst\u00e4ndiges Designdokument.\n<\/p>\n\n\n\n<h2 class=\"wp-block-heading\">Termin und Kosten<\/h2>\n\n\n\n<h3 class=\"wp-block-heading\">Anreise<\/h3>\n\n\n\n<p>30.09.2021 ab 18 Uhr\n<br>\nEine erste Mahlzeit ist f\u00fcr 19 Uhr geplant. (*Z.B. Familien mit abweichenden zeitlichen Bed\u00fcrfnissen melden sich bitte bei uns.)<\/p>\n\n\n\n<h3 class=\"wp-block-heading\">Abreise&nbsp;<\/h3>\n\n\n\n<p>03.10.2021 bis 13 Uhr<\/p>\n\n\n<p><\/p>\n\n\n<h3 class=\"wp-block-heading\">Ticketpreise<\/h3>\n\n\n\n<div class=\"wp-block-group\"><div class=\"wp-block-group__inner-container is-layout-flow wp-block-group-is-layout-flow\">\n<div class=\"wp-block-columns is-layout-flex wp-container-core-columns-is-layout-28f84493 wp-block-columns-is-layout-flex\">\n<div class=\"wp-block-column is-layout-flow wp-block-column-is-layout-flow\" style=\"flex-basis:100%\">\n<div class=\"wp-block-group\"><div class=\"wp-block-group__inner-container is-layout-flow wp-block-group-is-layout-flow\">\n<figure class=\"wp-block-table alignleft is-style-regular\"><table><tbody><tr><td class=\"has-text-align-left\" data-align=\"left\"><strong>Rainmaker<\/strong><br>(Du m\u00f6chtest uns helfen, die Social Tickets zu finanzieren. Wir geben Dir im Gegenzug ein Paket mit Goodies.)<\/td><td><strong>\u20ac 195 +<\/strong><\/td><\/tr><tr><td class=\"has-text-align-left\" data-align=\"left\"><strong>Social Ticket<br><\/strong>(Von Rainmakern und ErlebnisReich e.V. subventioniertes Ticket \u2013 Anzahl beschr\u00e4nkt.)<\/td><td><strong>\u20ac 135<\/strong><\/td><\/tr><tr><td class=\"has-text-align-left\" data-align=\"left\"><strong>Standard-Ticket<\/strong> f\u00fcr Workshop-Interessierte \/ Mitesser*innen<\/td><td><strong>\u20ac 165<\/strong><\/td><\/tr><tr><td class=\"has-text-align-left\" data-align=\"left\"><strong>Kinder \/ Jugendliche bis 17 Jahre<\/strong><\/td><td><strong>\u20ac 95<\/strong><\/td><\/tr><tr><td class=\"has-text-align-left\" data-align=\"left\"><strong>Kinder unter 12 Jahre<\/strong><\/td><td><strong>\u20ac 75<\/strong><\/td><\/tr><tr><td class=\"has-text-align-left\" data-align=\"left\"><strong>Kinder unter 6 Jahre<\/strong><\/td><td><strong>\u20ac 50<\/strong><\/td><\/tr><\/tbody><\/table><\/figure>\n\n\n\n<p><\/p>\n<\/div><\/div>\n<\/div>\n<\/div>\n<\/div><\/div>\n\n\n\n<h3 class=\"wp-block-heading\"><br>Was muss ich mitbringen?<\/h3>\n\n\n\n<p>Bitte bringe unbedingt folgende Dinge zur Veranstaltung mit<\/p>\n\n\n\n<ul class=\"wp-block-list\"><li>K\u00fcchenmesser<\/li><li>K\u00fcchenhandtuch\/Grubentuch<\/li><li>Bettw\u00e4sche und (Dusch-)Handtuch<\/li><\/ul>\n\n\n\n<p><\/p>\n\n\n<p><\/p>\n\n\n<h3 class=\"wp-block-heading\">Was wir von Dir erwarten<\/h3>\n\n\n\n<p>Das \u2018It\u2019s Full of Food\u2019 ist eine Mitmachveranstaltung. Das bedeutet, dass wir von Dir und allen anderen Teilnehmenden ein aktives Mitwirken erwarten.&nbsp;<\/p>\n\n\n\n<p>Einkaufen, Kochen, Absp\u00fclen, Putzen, Aufr\u00e4umen, Toilettenpapier nachf\u00fcllen oder Abends das Licht ausmachen, gemeinsam die Kinder bespa\u00dfen, ein Rahmenprogramm erstellen, am letzten Tag die Location \u00fcbergeben, Menschen vom Bahnhof abholen \/ hinbringen oder nachts um halb vier nach dem Pulled Pork schauen &#8211; all das sind Aufgaben, die niemand f\u00fcr uns \u00fcbernimmt:&nbsp;<\/p>\n\n\n\n<p>Wir machen das selbst und \u00fcbernehmen gemeinsam Verantwortung.<br><\/p>\n\n\n\n<p>Dies sollte Dir vor der Anmeldung zur Veranstaltung klar sein. Bitte melde Dich nicht an, wenn Du Dich hier nicht siehst.&nbsp;<\/p>\n\n\n\n<p><\/p>\n\n\n\n<h2 class=\"wp-block-heading\">Location<\/h2>\n\n\n\n<p>Haus FUNtasie\n<br>S\u00fcdstra\u00dfe 26\n<br>56288 Kastellaun\n<br><a href=\"https:\/\/domoskop.de\/\">https:\/\/domoskop.de\/<\/a><\/p>\n\n\n\n<p><a href=\"https:\/\/what3words.com\/besichtigung.analoges.entwerfen\">What3words?<\/a>: \/\/\/besichtigung.analoges.entwerfen<\/p>\n\n\n\n<h2 class=\"wp-block-heading\">Erreichbarkeit<\/h2>\n\n\n\n<h3 class=\"wp-block-heading\">Mit dem Auto<\/h3>\n\n\n\n<ul class=\"wp-block-list\"><li>A61, Ausfahrt 41 <em>Boppard<\/em><\/li><li>dann auf B327 Richtung S\u00fcden (20km)<\/li><\/ul>\n\n\n\n<h3 class=\"wp-block-heading\">\u00d6PNV\/Fahrgemeinschaften<\/h3>\n\n\n\n<ul class=\"wp-block-list\"><li>Das Haus ist <strong>direkt mit dem Bus<\/strong> erreichbar: Haltestelle <em>Kastellaun Busbahnhof<\/em> (ca. 250 m vom Haus) mit<ul><li>Linie 620 ab <strong>Koblenz Hbf<\/strong> (Fahrzeit ca. 1:20; ca. jede Stunde)<\/li><li>Linie 615 ab <strong>Koblenz Hbf West <\/strong>(Fahrzeit ca. 1:00; ca. alle 2 Stunden)<\/li><li>Linie 615 ab <strong>Flughafen Hahn<\/strong> (Fahrzeit ca. 30 min.; ca. alle 2 Stunden)<\/li><\/ul><\/li><li>Mit dem <strong>Zug<\/strong> sind folgende Bahnh\u00f6fe am sinnvollsten:&nbsp;<ul><li><strong>Bullay<\/strong> (31 min Fahrzeit zum Haus), bedient von Linie<ul><li>RE 1 <strong><em>Kaiserslautern \u2013 Saarbr\u00fccken \u2013 Trier<\/em><\/strong> \u2013 Koblenz)<\/li><\/ul><\/li><li><strong>Oberwesel<\/strong> (28 min Fahrzeit zum Haus), bedient von den Linien&nbsp;<ul><li>RE 2 (<strong><em>Koblenz<\/em><\/strong> \u2013 <strong><em>Bingen \u2013 Mainz<\/em><\/strong><\/li><li>RB 26 (<strong><em>Koblenz<\/em><\/strong> \u2013 <strong><em>Bingen \u2013 Mainz&nbsp;<\/em><\/strong><\/li><\/ul><\/li><li><strong>Bingen Hbf<\/strong> (39 min Fahrzeit zum Haus), bedient von den Linien&nbsp;<ul><li>RE 2 <strong><em>Koblenz<\/em><\/strong> \u2013 <strong><em>Bingen \u2013 Mainz<\/em><\/strong><\/li><li>RB 26 <strong><em>Koblenz<\/em><\/strong> \u2013 <strong><em>Bingen \u2013 Mainz<\/em><\/strong><\/li><li>Binge Hbf liegt au\u00dferdem auf der&nbsp; <strong>IC-Strecke \u2026 \u2013 <\/strong><strong><em>K\u00f6ln \u2013 Koblenz \u2013 Mainz \u2013 Frankfurt \u2013 Mannheim<\/em><\/strong><strong> \u2013 \u2026<\/strong><\/li><\/ul><\/li><\/ul><\/li><\/ul>\n\n\n\n<h4 class=\"wp-block-heading\">Mitfahrzentrale<\/h4>\n\n\n\n<p>Wir k\u00f6nnen Dich leider nicht vom Bahnhof abholen. Sicherlich finden sich aber andere Teilnehmende, die Dich am Bahnhof oder unterwegs einsammeln k\u00f6nnen. Wir haben hierzu eine <a href=\"https:\/\/docs.google.com\/spreadsheets\/d\/1WaVJz3He-3Zzr0KR8TGgNB2nZ0sA1fuzFPXK7oV1vv0\/edit?usp=sharing\">Google-Tabelle als Mitfahrzentrale<\/a> eingerichtet.<\/p>\n","protected":false},"excerpt":{"rendered":"<p>Hier findest Du unser vollst\u00e4ndiges Designdokument. Termin und Kosten Anreise 30.09.2021 ab 18 Uhr Eine erste Mahlzeit ist f\u00fcr 19 Uhr geplant. [&hellip;]<\/p>\n","protected":false},"author":2,"featured_media":0,"parent":63,"menu_order":0,"comment_status":"closed","ping_status":"closed","template":"page-templates\/page_fullwidth.php","meta":{"footnotes":""},"class_list":["post-703","page","type-page","status-publish","hentry"],"yoast_head":"<!-- This site is optimized with the Yoast SEO plugin v27.4 - https:\/\/yoast.com\/product\/yoast-seo-wordpress\/ -->\n<title>Praktische Informationen - ErlebnisReich e.V.<\/title>\n<meta name=\"robots\" content=\"index, follow, max-snippet:-1, max-image-preview:large, max-video-preview:-1\" \/>\n<link rel=\"canonical\" href=\"https:\/\/erlebnisreich.org\/?page_id=703\" \/>\n<meta property=\"og:locale\" content=\"de_DE\" \/>\n<meta property=\"og:type\" content=\"article\" \/>\n<meta property=\"og:title\" content=\"Praktische Informationen - ErlebnisReich e.V.\" \/>\n<meta property=\"og:description\" content=\"Hier findest Du unser vollst\u00e4ndiges Designdokument. Termin und Kosten Anreise 30.09.2021 ab 18 Uhr Eine erste Mahlzeit ist f\u00fcr 19 Uhr geplant. [&hellip;]\" \/>\n<meta property=\"og:url\" content=\"https:\/\/erlebnisreich.org\/?page_id=703\" \/>\n<meta property=\"og:site_name\" content=\"ErlebnisReich e.V.\" \/>\n<meta property=\"article:modified_time\" content=\"2021-04-21T23:55:18+00:00\" \/>\n<meta name=\"twitter:card\" content=\"summary_large_image\" \/>\n<meta name=\"twitter:label1\" content=\"Gesch\u00e4tzte Lesezeit\" \/>\n\t<meta name=\"twitter:data1\" content=\"2\u00a0Minuten\" \/>\n<script type=\"application\/ld+json\" class=\"yoast-schema-graph\">{\"@context\":\"https:\\\/\\\/schema.org\",\"@graph\":[{\"@type\":\"WebPage\",\"@id\":\"https:\\\/\\\/erlebnisreich.org\\\/?page_id=703\",\"url\":\"https:\\\/\\\/erlebnisreich.org\\\/?page_id=703\",\"name\":\"Praktische Informationen - ErlebnisReich e.V.\",\"isPartOf\":{\"@id\":\"https:\\\/\\\/erlebnisreich.org\\\/#website\"},\"datePublished\":\"2021-04-21T21:49:37+00:00\",\"dateModified\":\"2021-04-21T23:55:18+00:00\",\"breadcrumb\":{\"@id\":\"https:\\\/\\\/erlebnisreich.org\\\/?page_id=703#breadcrumb\"},\"inLanguage\":\"de\",\"potentialAction\":[{\"@type\":\"ReadAction\",\"target\":[\"https:\\\/\\\/erlebnisreich.org\\\/?page_id=703\"]}]},{\"@type\":\"BreadcrumbList\",\"@id\":\"https:\\\/\\\/erlebnisreich.org\\\/?page_id=703#breadcrumb\",\"itemListElement\":[{\"@type\":\"ListItem\",\"position\":1,\"name\":\"Startseite\",\"item\":\"https:\\\/\\\/erlebnisreich.org\\\/\"},{\"@type\":\"ListItem\",\"position\":2,\"name\":\"It&#8217;s full of food 2021\",\"item\":\"https:\\\/\\\/erlebnisreich.org\\\/?page_id=63\"},{\"@type\":\"ListItem\",\"position\":3,\"name\":\"Praktische Informationen\"}]},{\"@type\":\"WebSite\",\"@id\":\"https:\\\/\\\/erlebnisreich.org\\\/#website\",\"url\":\"https:\\\/\\\/erlebnisreich.org\\\/\",\"name\":\"ErlebnisReich e.V.\",\"description\":\"Verein f\u00fcr Liverollenspiel\",\"potentialAction\":[{\"@type\":\"SearchAction\",\"target\":{\"@type\":\"EntryPoint\",\"urlTemplate\":\"https:\\\/\\\/erlebnisreich.org\\\/?s={search_term_string}\"},\"query-input\":{\"@type\":\"PropertyValueSpecification\",\"valueRequired\":true,\"valueName\":\"search_term_string\"}}],\"inLanguage\":\"de\"}]}<\/script>\n<!-- \/ Yoast SEO plugin. -->","yoast_head_json":{"title":"Praktische Informationen - ErlebnisReich e.V.","robots":{"index":"index","follow":"follow","max-snippet":"max-snippet:-1","max-image-preview":"max-image-preview:large","max-video-preview":"max-video-preview:-1"},"canonical":"https:\/\/erlebnisreich.org\/?page_id=703","og_locale":"de_DE","og_type":"article","og_title":"Praktische Informationen - ErlebnisReich e.V.","og_description":"Hier findest Du unser vollst\u00e4ndiges Designdokument. Termin und Kosten Anreise 30.09.2021 ab 18 Uhr Eine erste Mahlzeit ist f\u00fcr 19 Uhr geplant. [&hellip;]","og_url":"https:\/\/erlebnisreich.org\/?page_id=703","og_site_name":"ErlebnisReich e.V.","article_modified_time":"2021-04-21T23:55:18+00:00","twitter_card":"summary_large_image","twitter_misc":{"Gesch\u00e4tzte Lesezeit":"2\u00a0Minuten"},"schema":{"@context":"https:\/\/schema.org","@graph":[{"@type":"WebPage","@id":"https:\/\/erlebnisreich.org\/?page_id=703","url":"https:\/\/erlebnisreich.org\/?page_id=703","name":"Praktische Informationen - ErlebnisReich e.V.","isPartOf":{"@id":"https:\/\/erlebnisreich.org\/#website"},"datePublished":"2021-04-21T21:49:37+00:00","dateModified":"2021-04-21T23:55:18+00:00","breadcrumb":{"@id":"https:\/\/erlebnisreich.org\/?page_id=703#breadcrumb"},"inLanguage":"de","potentialAction":[{"@type":"ReadAction","target":["https:\/\/erlebnisreich.org\/?page_id=703"]}]},{"@type":"BreadcrumbList","@id":"https:\/\/erlebnisreich.org\/?page_id=703#breadcrumb","itemListElement":[{"@type":"ListItem","position":1,"name":"Startseite","item":"https:\/\/erlebnisreich.org\/"},{"@type":"ListItem","position":2,"name":"It&#8217;s full of food 2021","item":"https:\/\/erlebnisreich.org\/?page_id=63"},{"@type":"ListItem","position":3,"name":"Praktische Informationen"}]},{"@type":"WebSite","@id":"https:\/\/erlebnisreich.org\/#website","url":"https:\/\/erlebnisreich.org\/","name":"ErlebnisReich e.V.","description":"Verein f\u00fcr Liverollenspiel","potentialAction":[{"@type":"SearchAction","target":{"@type":"EntryPoint","urlTemplate":"https:\/\/erlebnisreich.org\/?s={search_term_string}"},"query-input":{"@type":"PropertyValueSpecification","valueRequired":true,"valueName":"search_term_string"}}],"inLanguage":"de"}]}},"_links":{"self":[{"href":"https:\/\/erlebnisreich.org\/index.php?rest_route=\/wp\/v2\/pages\/703","targetHints":{"allow":["GET"]}}],"collection":[{"href":"https:\/\/erlebnisreich.org\/index.php?rest_route=\/wp\/v2\/pages"}],"about":[{"href":"https:\/\/erlebnisreich.org\/index.php?rest_route=\/wp\/v2\/types\/page"}],"author":[{"embeddable":true,"href":"https:\/\/erlebnisreich.org\/index.php?rest_route=\/wp\/v2\/users\/2"}],"replies":[{"embeddable":true,"href":"https:\/\/erlebnisreich.org\/index.php?rest_route=%2Fwp%2Fv2%2Fcomments&post=703"}],"version-history":[{"count":15,"href":"https:\/\/erlebnisreich.org\/index.php?rest_route=\/wp\/v2\/pages\/703\/revisions"}],"predecessor-version":[{"id":786,"href":"https:\/\/erlebnisreich.org\/index.php?rest_route=\/wp\/v2\/pages\/703\/revisions\/786"}],"up":[{"embeddable":true,"href":"https:\/\/erlebnisreich.org\/index.php?rest_route=\/wp\/v2\/pages\/63"}],"wp:attachment":[{"href":"https:\/\/erlebnisreich.org\/index.php?rest_route=%2Fwp%2Fv2%2Fmedia&parent=703"}],"curies":[{"name":"wp","href":"https:\/\/api.w.org\/{rel}","templated":true}]}}